{"id":964,"date":"2017-11-28T15:58:25","date_gmt":"2017-11-28T15:58:25","guid":{"rendered":"https:\/\/gpstartersites.com\/wordsmith\/?page_id=964"},"modified":"2023-07-08T14:17:25","modified_gmt":"2023-07-08T14:17:25","slug":"about","status":"publish","type":"page","link":"https:\/\/www.fotoranise.it\/index.php\/about\/","title":{"rendered":"bio"},"content":{"rendered":"<div class=\"gb-grid-wrapper gb-grid-wrapper-2e39ac15\">\n<div class=\"gb-grid-column gb-grid-column-0ea2cd21\"><div class=\"gb-container gb-container-0ea2cd21\"><div class=\"gb-inside-container\">\n\n<figure class=\"wp-block-image size-large\"><img loading=\"lazy\" decoding=\"async\" width=\"1024\" height=\"1024\" src=\"https:\/\/www.fotoranise.it\/wp-content\/uploads\/2023\/07\/Immagine-WhatsApp-2023-07-08-ore-16.13.43-1024x1024.jpg\" alt=\"\" class=\"wp-image-2903\" srcset=\"https:\/\/www.fotoranise.it\/wp-content\/uploads\/2023\/07\/Immagine-WhatsApp-2023-07-08-ore-16.13.43-1024x1024.jpg 1024w, https:\/\/www.fotoranise.it\/wp-content\/uploads\/2023\/07\/Immagine-WhatsApp-2023-07-08-ore-16.13.43-300x300.jpg 300w, https:\/\/www.fotoranise.it\/wp-content\/uploads\/2023\/07\/Immagine-WhatsApp-2023-07-08-ore-16.13.43-150x150.jpg 150w, https:\/\/www.fotoranise.it\/wp-content\/uploads\/2023\/07\/Immagine-WhatsApp-2023-07-08-ore-16.13.43-768x767.jpg 768w, https:\/\/www.fotoranise.it\/wp-content\/uploads\/2023\/07\/Immagine-WhatsApp-2023-07-08-ore-16.13.43.jpg 1440w\" sizes=\"auto, (max-width: 1024px) 100vw, 1024px\" \/><\/figure>\n\n<\/div><\/div><\/div>\n\n<div class=\"gb-grid-column gb-grid-column-a433675e\"><div class=\"gb-container gb-container-a433675e\"><div class=\"gb-inside-container\">\n\n<p>Adolfo Ranise \u00e8 un fotografo professionista conosciuto sia in Italia che all&#8217;estero per via della pluriennale attivit\u00e0 nel campo dell&#8217;immagine d&#8217;autore che lo ha portato ad esporre numerose mostre fotografiche in diverse nazioni tra le quali, Argentina, Portogallo, Francia e Repubblica Ceca, mentre sul territorio nazionale le sue immagini sono state esposte in prestigiose location nelle citt\u00e0 di Venezia, Milano, Genova, Padova e in tante altre localit\u00e0.<\/p>\n\n\n\n<p>Specializzato nella fotografia ritrattistica e di reportage ha coniugato questa sua predisposizione al contatto con le persone specializzandosi e affermandosi come fotografo matrimonialista e di cerimonie, diventando cos\u00ec un punto di riferimento per tantissime coppie che negli anni si sono affidate a lui e continuano a farlo.<\/p>\n\n\n\n<p>Adolfo Ranise \u00e8 anche un affermato fotografo di eventi dello spettacolo ed \u00e8 il fotografo ufficiale di artisti del calibro di Angelo Branduardi e Cristiano De Andr\u00e8 dei quali sono molto conosciuti i suoi ritratti, soprattutto in bianco e nero, che hanno illustrato le loro campagne di comunicazione cartacee e su web, cd, vinili ecc\u2026<\/p>\n\n\n\n<p>Tra le varie onorificenze conferiteli in campo fotografico, spiccano quella di MFA Maestro della fotografia Artistica, AFI Artista della fotografia italiana, EFIAP Eccellenza della fotografia internazionale e quella di membro di giuria per concorsi nazionali ed internazionali ai quali continua a partecipare con ottimi successi.<\/p>\n\n\n\n<p>Affilliato a TAU VISUAL (Associazione Nazionale Fotografi Professionisti) e presente su <a href=\"https:\/\/www.matrimonio.com\/fotografo-matrimonio\/fotoranise--e134539\" target=\"_blank\" rel=\"noreferrer noopener\">MATRIMONIO.COM<\/a><\/p>\n\n\n<div class=\"gb-button-wrapper gb-button-wrapper-fa63e801\">\n\n<a class=\"gb-button gb-button-1a28ddf9 gb-button-text\" href=\"https:\/\/www.fotoranise.it\/index.php\/contact\/\">CONTATTAMI<\/a>\n\n<\/div>\n<\/div><\/div><\/div>\n<\/div>","protected":false},"excerpt":{"rendered":"","protected":false},"author":1,"featured_media":0,"parent":0,"menu_order":0,"comment_status":"closed","ping_status":"closed","template":"","meta":{"footnotes":""},"class_list":["post-964","page","type-page","status-publish"],"_links":{"self":[{"href":"https:\/\/www.fotoranise.it\/index.php\/wp-json\/wp\/v2\/pages\/964","targetHints":{"allow":["GET"]}}],"collection":[{"href":"https:\/\/www.fotoranise.it\/index.php\/wp-json\/wp\/v2\/pages"}],"about":[{"href":"https:\/\/www.fotoranise.it\/index.php\/wp-json\/wp\/v2\/types\/page"}],"author":[{"embeddable":true,"href":"https:\/\/www.fotoranise.it\/index.php\/wp-json\/wp\/v2\/users\/1"}],"replies":[{"embeddable":true,"href":"https:\/\/www.fotoranise.it\/index.php\/wp-json\/wp\/v2\/comments?post=964"}],"version-history":[{"count":9,"href":"https:\/\/www.fotoranise.it\/index.php\/wp-json\/wp\/v2\/pages\/964\/revisions"}],"predecessor-version":[{"id":2906,"href":"https:\/\/www.fotoranise.it\/index.php\/wp-json\/wp\/v2\/pages\/964\/revisions\/2906"}],"wp:attachment":[{"href":"https:\/\/www.fotoranise.it\/index.php\/wp-json\/wp\/v2\/media?parent=964"}],"curies":[{"name":"wp","href":"https:\/\/api.w.org\/{rel}","templated":true}]}}