{"id":1870,"date":"2017-11-05T19:29:38","date_gmt":"2017-11-05T19:29:38","guid":{"rendered":"https:\/\/gpstartersites.com\/wordsmith\/?page_id=16"},"modified":"2023-07-08T13:53:03","modified_gmt":"2023-07-08T13:53:03","slug":"contact","status":"publish","type":"page","link":"https:\/\/www.fotoranise.it\/index.php\/contact\/","title":{"rendered":"contattami"},"content":{"rendered":"\n<hr class=\"wp-block-separator has-alpha-channel-opacity\"\/>\n\n\n\n<h2 class=\"wp-block-heading has-text-align-center\">Mail: <strong><a href=\"mailto:info@fotoranise.it\" target=\"_blank\" rel=\"noreferrer noopener\">info@fotoranise.it<\/a><\/strong><\/h2>\n\n\n\n<h2 class=\"wp-block-heading has-text-align-center\">Telefono: 349.6133060<\/h2>\n\n\n\n<hr class=\"wp-block-separator has-alpha-channel-opacity\"\/>\n\n\n\n<h2 class=\"wp-block-heading has-text-align-center\">Studio:<\/h2>\n\n\n\n<h2 class=\"wp-block-heading has-text-align-center\"><strong>Imperia<\/strong><br>via G. Agnesi, 72<br><em>si riceve su appuntamento<\/em><br><br><strong>Garessio<\/strong><br>Via Vittorio Emanuele II, 96<br><em>Marted\u00ec e Gioved\u00ec 16.30-19.00<br>Venerd\u00ec 9.30-12.30<\/em><\/h2>\n\n\n\n<hr class=\"wp-block-separator has-alpha-channel-opacity\"\/>\n","protected":false},"excerpt":{"rendered":"<p>Mail: info@fotoranise.it Telefono: 349.6133060 Studio: Imperiavia G. Agnesi, 72si riceve su appuntamento GaressioVia Vittorio Emanuele II, 96Marted\u00ec e Gioved\u00ec 16.30-19.00Venerd\u00ec 9.30-12.30<\/p>\n","protected":false},"author":1,"featured_media":0,"parent":0,"menu_order":0,"comment_status":"closed","ping_status":"closed","template":"","meta":{"footnotes":""},"class_list":["post-1870","page","type-page","status-publish"],"_links":{"self":[{"href":"https:\/\/www.fotoranise.it\/index.php\/wp-json\/wp\/v2\/pages\/1870","targetHints":{"allow":["GET"]}}],"collection":[{"href":"https:\/\/www.fotoranise.it\/index.php\/wp-json\/wp\/v2\/pages"}],"about":[{"href":"https:\/\/www.fotoranise.it\/index.php\/wp-json\/wp\/v2\/types\/page"}],"author":[{"embeddable":true,"href":"https:\/\/www.fotoranise.it\/index.php\/wp-json\/wp\/v2\/users\/1"}],"replies":[{"embeddable":true,"href":"https:\/\/www.fotoranise.it\/index.php\/wp-json\/wp\/v2\/comments?post=1870"}],"version-history":[{"count":2,"href":"https:\/\/www.fotoranise.it\/index.php\/wp-json\/wp\/v2\/pages\/1870\/revisions"}],"predecessor-version":[{"id":2884,"href":"https:\/\/www.fotoranise.it\/index.php\/wp-json\/wp\/v2\/pages\/1870\/revisions\/2884"}],"wp:attachment":[{"href":"https:\/\/www.fotoranise.it\/index.php\/wp-json\/wp\/v2\/media?parent=1870"}],"curies":[{"name":"wp","href":"https:\/\/api.w.org\/{rel}","templated":true}]}}